{"id":4330,"date":"2019-02-11T13:40:03","date_gmt":"2019-02-11T12:40:03","guid":{"rendered":"https:\/\/slc-liftco.com\/fangvorrichtungen\/zubehoer\/"},"modified":"2025-04-15T11:37:48","modified_gmt":"2025-04-15T09:37:48","slug":"accessories","status":"publish","type":"page","link":"https:\/\/slc-liftco.com\/en\/safety-gear\/accessories\/","title":{"rendered":"ACCESSORIES"},"content":{"rendered":"<div id=\"pl-gb4330-69ef77340cb54\"  class=\"panel-layout wp-block-siteorigin-panels-layout-block\" ><div id=\"pg-gb4330-69ef77340cb54-0\"  class=\"panel-grid panel-has-style\" ><div class=\"panel-row-style panel-row-style-for-gb4330-69ef77340cb54-0\" ><div id=\"pgc-gb4330-69ef77340cb54-0-0\"  class=\"panel-grid-cell\" ><div id=\"panel-gb4330-69ef77340cb54-0-0-0\" class=\"so-panel widget_sow-image panel-first-child panel-last-child\" data-index=\"0\" ><div\n\t\t\t\n\t\t\tclass=\"so-widget-sow-image so-widget-sow-image-default-a258e6bfa2d8-4330\"\n\t\t\t\n\t\t>\n<div class=\"sow-image-container\">\n\t\t<img \n\tsrc=\"https:\/\/slc-liftco.com\/wp-content\/uploads\/2019\/07\/zugeh\u00f6r.jpg\" width=\"1200\" height=\"279\" srcset=\"https:\/\/slc-liftco.com\/wp-content\/uploads\/2019\/07\/zugeh\u00f6r.jpg 1200w, https:\/\/slc-liftco.com\/wp-content\/uploads\/2019\/07\/zugeh\u00f6r-300x70.jpg 300w, https:\/\/slc-liftco.com\/wp-content\/uploads\/2019\/07\/zugeh\u00f6r-768x179.jpg 768w, https:\/\/slc-liftco.com\/wp-content\/uploads\/2019\/07\/zugeh\u00f6r-1024x238.jpg 1024w\" sizes=\"(max-width: 709px) 85vw, (max-width: 909px) 67vw, (max-width: 1362px) 62vw, 840px\" title=\"Zugeh\u00f6r\" alt=\"F\u00fchrungsschuhe und \u00d6ler als Zubeh\u00f6r f\u00fcr Fangvorrichtungen\" \t\tclass=\"so-widget-image\"\/>\n\t<\/div>\n\n<\/div><\/div><\/div><\/div><\/div><div id=\"pg-gb4330-69ef77340cb54-1\"  class=\"panel-grid panel-has-style\" ><div class=\"panel-row-style panel-row-style-for-gb4330-69ef77340cb54-1\" ><div id=\"pgc-gb4330-69ef77340cb54-1-0\"  class=\"panel-grid-cell\" ><div id=\"panel-gb4330-69ef77340cb54-1-0-0\" class=\"so-panel widget_sow-editor panel-first-child panel-last-child\" data-index=\"1\" ><div\n\t\t\t\n\t\t\tclass=\"so-widget-sow-editor so-widget-sow-editor-base\"\n\t\t\t\n\t\t>\n<div class=\"siteorigin-widget-tinymce textwidget\">\n\t<span><span><a href=\"https:\/\/slc-liftco.com\/en\/\">Homepage<\/a><\/span><\/span>\n<\/div>\n<\/div><\/div><\/div><\/div><\/div><div id=\"pg-gb4330-69ef77340cb54-2\"  class=\"panel-grid panel-has-style\" ><div class=\"panel-row-style panel-row-style-for-gb4330-69ef77340cb54-2\" ><div id=\"pgc-gb4330-69ef77340cb54-2-0\"  class=\"panel-grid-cell\" ><div id=\"panel-gb4330-69ef77340cb54-2-0-0\" class=\"so-panel widget_sow-editor panel-first-child\" data-index=\"2\" ><div\n\t\t\t\n\t\t\tclass=\"so-widget-sow-editor so-widget-sow-editor-base\"\n\t\t\t\n\t\t>\n<div class=\"siteorigin-widget-tinymce textwidget\">\n\t<h2>Powerful accessories for safety gears<\/h2>\n<p>Discover highly functional accessories and perfectly matched additional parts for safety gear as the ideal complement to our safety gear products.<\/p>\n<\/div>\n<\/div><\/div><div id=\"panel-gb4330-69ef77340cb54-2-0-1\" class=\"so-panel widget_sow-editor\" data-index=\"3\" ><div\n\t\t\t\n\t\t\tclass=\"so-widget-sow-editor so-widget-sow-editor-base\"\n\t\t\t\n\t\t>\n<div class=\"siteorigin-widget-tinymce textwidget\">\n\t<h3>Accessories and spare parts suitable for the versatile BF series<\/h3>\n<p>Our BF brake safety gear is versatile and can be used in new builds and, above all, in modernisation projects.<\/p>\n<p>Our development department has developed its own test rig to ensure that the safety gear triggers reliably over the long term. Here, different release rods can be tested, improved and compared with each other. In addition to the control cable tension force, several sensors record the effects on the contact force and contact torque depending on the distance of the cable grip from the centre of the rail.<\/p>\n<p>You can find our different release rods for the BF brake safety gear <a href=\"https:\/\/slc-liftco.com\/safety-gear\/bf-series\/bf-tripping-device\/\">here.<\/a><\/p>\n<p>SLC has also found convincing answers to any hurdles that may arise when attaching to existing carriages. For example, the interface to the existing safety gear frame can be optimised by changing the <a href=\"https:\/\/slc-liftco.com\/safety-gear\/bf-series\/bf-customized-borehole\/\">borehole pattern<\/a> on the outer housings. Alternatively, an <a href=\"https:\/\/slc-liftco.com\/safety-gear\/bf-series\/bf-adapter-plates\/\">adapter plate\/mounting plate<\/a> can be used to adapt to existing conditions.<br \/>\nThe assembly work on site is reduced and makes you significantly faster. Other <a href=\"https:\/\/slc-liftco.com\/safety-gear\/bf-series\/bf-accessories\/\">additional parts<\/a> are also available, especially for the BF safety gear.<\/p>\n<p>Buy suitable safety gear accessories for the BF series now!<br \/>\n<img loading=\"lazy\" decoding=\"async\" class=\"alignnone size-full wp-image-278\" src=\"https:\/\/slc-liftco.com\/wp-content\/uploads\/2019\/02\/arrow_b_12px.gif\" alt=\"\" width=\"12\" height=\"16\" \/> <a href=\"https:\/\/slc-liftco.com\/safety-gear\/bf-series\/bf-tripping-device\/\">BF tripping device<\/a><br \/>\n<img loading=\"lazy\" decoding=\"async\" class=\"alignnone size-full wp-image-278\" src=\"https:\/\/slc-liftco.com\/wp-content\/uploads\/2019\/02\/arrow_b_12px.gif\" alt=\"\" width=\"12\" height=\"16\" \/> <a href=\"https:\/\/slc-liftco.com\/safety-gear\/bf-series\/bf-adapter-plates\/\">Adapter plate\/mounting plate<\/a><br \/>\n<img loading=\"lazy\" decoding=\"async\" class=\"alignnone size-full wp-image-278\" src=\"https:\/\/slc-liftco.com\/wp-content\/uploads\/2019\/02\/arrow_b_12px.gif\" alt=\"\" width=\"12\" height=\"16\" \/> <a href=\"https:\/\/slc-liftco.com\/safety-gear\/bf-series\/bf-customized-borehole\/\">Customized borehole BF<\/a><br \/>\n<img loading=\"lazy\" decoding=\"async\" class=\"alignnone size-full wp-image-278\" src=\"https:\/\/slc-liftco.com\/wp-content\/uploads\/2019\/02\/arrow_b_12px.gif\" alt=\"\" width=\"12\" height=\"16\" \/> <a href=\"https:\/\/slc-liftco.com\/safety-gear\/bf-series\/bf-accessories\/\">BF accessories<\/a><\/p>\n<\/div>\n<\/div><\/div><div id=\"panel-gb4330-69ef77340cb54-2-0-2\" class=\"so-panel widget_sow-editor\" data-index=\"4\" ><div\n\t\t\t\n\t\t\tclass=\"so-widget-sow-editor so-widget-sow-editor-base\"\n\t\t\t\n\t\t>\n<div class=\"siteorigin-widget-tinymce textwidget\">\n\t<h3>Suitable accessories for the small safety gears from the SG series<\/h3>\n<p>Our SG brake safety gear is characterised by its small and compact design. This makes it ideal for use in modernisation projects, especially in conjunction with a new safety gear frame.<\/p>\n<p>Discover the different variants of our heavy-duty\u00a0 <a href=\"https:\/\/slc-liftco.com\/safety-gear\/sg-series\/sg-tripping-device\/\">tripping device<\/a> and other high-quality <a href=\"https:\/\/slc-liftco.com\/safety-gear\/sg-series\/sg-accessories\/\">accessories<\/a> to complete your fall arrest system with the SG series.<\/p>\n<p>Don&#8217;t forget the matching accessories for the SG series:<br \/>\n<img loading=\"lazy\" decoding=\"async\" class=\"alignnone size-full wp-image-278\" src=\"https:\/\/slc-liftco.com\/wp-content\/uploads\/2019\/02\/arrow_b_12px.gif\" alt=\"\" width=\"12\" height=\"16\" \/> <a href=\"https:\/\/slc-liftco.com\/fangvorrichtungen\/baureihe-sg\/sg-ausloesegestaenge\/?lang=de\">SG tripping device<\/a><br \/>\n<img loading=\"lazy\" decoding=\"async\" class=\"alignnone size-full wp-image-278\" src=\"https:\/\/slc-liftco.com\/wp-content\/uploads\/2019\/02\/arrow_b_12px.gif\" alt=\"\" width=\"12\" height=\"16\" \/> <a href=\"https:\/\/slc-liftco.com\/fangvorrichtungen\/baureihe-sg\/sg-zusatzteile\/?lang=de\">SG accessories<\/a><\/p>\n<\/div>\n<\/div><\/div><div id=\"panel-gb4330-69ef77340cb54-2-0-3\" class=\"so-panel widget_sow-editor\" data-index=\"5\" ><div\n\t\t\t\n\t\t\tclass=\"so-widget-sow-editor so-widget-sow-editor-base\"\n\t\t\t\n\t\t>\n<div class=\"siteorigin-widget-tinymce textwidget\">\n\t<h3>Overspeed governors from Sautter Lift Components<\/h3>\n<p>With components from Sautter, you receive the highest quality and benefit from our many years of expertise as a leading manufacturer and expert in lift construction.<\/p>\n<p>Choose the right overspeed governor from our partner Hans Jungblut as the ideal addition to your SLC safety gear system. The most popular models are available from stock at Sautter!<\/p>\n<p>Discover our various models and accessories now:<br \/>\n<img loading=\"lazy\" decoding=\"async\" class=\"alignnone size-full wp-image-278\" src=\"https:\/\/slc-liftco.com\/wp-content\/uploads\/2019\/02\/arrow_b_12px.gif\" alt=\"\" width=\"12\" height=\"16\" \/> <a href=\"https:\/\/slc-liftco.com\/more-products\/overspeed-governor\/hj-200\/\">HJ200<\/a><br \/>\n<img loading=\"lazy\" decoding=\"async\" class=\"alignnone size-full wp-image-278\" src=\"https:\/\/slc-liftco.com\/wp-content\/uploads\/2019\/02\/arrow_b_12px.gif\" alt=\"\" width=\"12\" height=\"16\" \/> <a href=\"https:\/\/slc-liftco.com\/more-products\/overspeed-governor\/hj-300\/\">HJ300<\/a><br \/>\n<img loading=\"lazy\" decoding=\"async\" class=\"alignnone size-full wp-image-278\" src=\"https:\/\/slc-liftco.com\/wp-content\/uploads\/2019\/02\/arrow_b_12px.gif\" alt=\"\" width=\"12\" height=\"16\" \/> <a href=\"https:\/\/slc-liftco.com\/more-products\/overspeed-governor\/og-accessories\/\">Zusatzteile GB<\/a><\/p>\n<p>Do you have any questions? We are here for you and look forward to <a href=\"https:\/\/slc-liftco.com\/sautter\/contact\/\">hearing from you!<\/a><\/p>\n<\/div>\n<\/div><\/div><div id=\"panel-gb4330-69ef77340cb54-2-0-4\" class=\"so-panel widget_sow-editor panel-last-child\" data-index=\"6\" ><div\n\t\t\t\n\t\t\tclass=\"so-widget-sow-editor so-widget-sow-editor-base\"\n\t\t\t\n\t\t>\n<div class=\"siteorigin-widget-tinymce textwidget\">\n\t<h3>Additional parts from SLC<\/h3>\n<p>To complete the package, in addition to our safety gears and overspeed governors, we also offer a wide range of <a href=\"https:\/\/slc-liftco.com\/more-products\/guides\/\">guides, oilers and governor ropes<\/a>. We offer a range of different guide shoes for different loads and applications.<\/p>\n<p>At Sautter, you can obtain guide shoes made of high-quality aluminium alloys that have a high load capacity and wear resistance. Guide shoes, inserts and rail oilers are available from SLC for all standard rail widths.<\/p>\n<p>Request a quote for additional parts now!<br \/>\n<a href=\"https:\/\/slc-liftco.com\/more-products\/guides\/\">Guide shoes, oiler and governor ropes<\/a><\/p>\n<\/div>\n<\/div><\/div><\/div><\/div><\/div><div id=\"pg-gb4330-69ef77340cb54-3\"  class=\"panel-grid panel-has-style\" ><div class=\"panel-row-style panel-row-style-for-gb4330-69ef77340cb54-3\" ><div id=\"pgc-gb4330-69ef77340cb54-3-0\"  class=\"panel-grid-cell\" ><div id=\"panel-gb4330-69ef77340cb54-3-0-0\" class=\"so-panel widget_sow-editor panel-first-child\" data-index=\"7\" ><div\n\t\t\t\n\t\t\tclass=\"so-widget-sow-editor so-widget-sow-editor-base\"\n\t\t\t\n\t\t>\n<div class=\"siteorigin-widget-tinymce textwidget\">\n\t<h3>Accessories bf series<\/h3>\n<p><a href=\"https:\/\/slc-liftco.com\/safety-gear\/bf-series\/bf-tripping-device\/\">Tripping device<\/a><br \/>\n<a href=\"https:\/\/slc-liftco.com\/safety-gear\/bf-series\/bf-adapter-plates\/\">Adapter plates<\/a><br \/>\n<a href=\"https:\/\/slc-liftco.com\/safety-gear\/bf-series\/bf-customized-borehole\/\">Customized boreholes<\/a><br \/>\n<a href=\"https:\/\/slc-liftco.com\/safety-gear\/bf-series\/bf-accessories\/\">Accessories<\/a><\/p>\n<\/div>\n<\/div><\/div><div id=\"panel-gb4330-69ef77340cb54-3-0-1\" class=\"so-panel widget_sow-editor panel-last-child\" data-index=\"8\" ><div\n\t\t\t\n\t\t\tclass=\"so-widget-sow-editor so-widget-sow-editor-base\"\n\t\t\t\n\t\t>\n<div class=\"siteorigin-widget-tinymce textwidget\">\n\t<h3>Additional parts<\/h3>\n<p><a href=\"https:\/\/slc-liftco.com\/more-products\/guides\/\">Guides, oilers and governor ropes<\/a><\/p>\n<\/div>\n<\/div><\/div><\/div><div id=\"pgc-gb4330-69ef77340cb54-3-1\"  class=\"panel-grid-cell\" ><div id=\"panel-gb4330-69ef77340cb54-3-1-0\" class=\"so-panel widget_sow-editor panel-first-child\" data-index=\"9\" ><div\n\t\t\t\n\t\t\tclass=\"so-widget-sow-editor so-widget-sow-editor-base\"\n\t\t\t\n\t\t>\n<div class=\"siteorigin-widget-tinymce textwidget\">\n\t<h3>accessories series sg<\/h3>\n<p><a href=\"https:\/\/slc-liftco.com\/safety-gear\/sg-series\/sg-tripping-device\/\">Tripping Device<\/a><br \/>\n<a href=\"https:\/\/slc-liftco.com\/safety-gear\/sg-series\/sg-accessories\/\">Accessories<\/a><\/p>\n<\/div>\n<\/div><\/div><div id=\"panel-gb4330-69ef77340cb54-3-1-1\" class=\"so-panel widget_sow-editor panel-last-child\" data-index=\"10\" ><div\n\t\t\t\n\t\t\tclass=\"so-widget-sow-editor so-widget-sow-editor-base\"\n\t\t\t\n\t\t>\n<div class=\"siteorigin-widget-tinymce textwidget\">\n\t<h3>Overspeed governor<\/h3>\n<p><a href=\"https:\/\/slc-liftco.com\/more-products\/overspeed-governor\/hj-200\/\">HJ 200<\/a><br \/>\n<a href=\"https:\/\/slc-liftco.com\/weitere-produkte\/geschwindigkeitsbegrenzer\/hj-300-2\/?lang=de\">HJ 300<\/a><br \/>\n<a href=\"https:\/\/slc-liftco.com\/more-products\/overspeed-governor\/og-accessories\/\">OG accessories<\/a><\/p>\n<\/div>\n<\/div><\/div><\/div><\/div><\/div><\/div>","protected":false},"excerpt":{"rendered":"","protected":false},"author":1,"featured_media":0,"parent":17710,"menu_order":4,"comment_status":"closed","ping_status":"closed","template":"","meta":{"footnotes":""},"class_list":["post-4330","page","type-page","status-publish","hentry"],"yoast_head":"<!-- This site is optimized with the Yoast SEO plugin v27.3 - https:\/\/yoast.com\/product\/yoast-seo-wordpress\/ -->\n<title>Accessories for our all-in-one safety solutions | SLC GmbH<\/title>\n<meta name=\"description\" content=\"All of our accessories for BF &amp; SG safety gears for your needs. Offering also additional spare parts, overspeed governor and much more!\" \/>\n<meta name=\"robots\" content=\"index, follow, max-snippet:-1, max-image-preview:large, max-video-preview:-1\" \/>\n<link rel=\"canonical\" href=\"https:\/\/slc-liftco.com\/en\/safety-gear\/accessories\/\" \/>\n<meta property=\"og:locale\" content=\"en_GB\" \/>\n<meta property=\"og:type\" content=\"article\" \/>\n<meta property=\"og:title\" content=\"Accessories for our all-in-one safety solutions | SLC GmbH\" \/>\n<meta property=\"og:description\" content=\"All of our accessories for BF &amp; SG safety gears for your needs. Offering also additional spare parts, overspeed governor and much more!\" \/>\n<meta property=\"og:url\" content=\"https:\/\/slc-liftco.com\/en\/safety-gear\/accessories\/\" \/>\n<meta property=\"og:site_name\" content=\"Sautter Lift Components GmbH\" \/>\n<meta property=\"article:modified_time\" content=\"2025-04-15T09:37:48+00:00\" \/>\n<meta name=\"twitter:card\" content=\"summary_large_image\" \/>\n<meta name=\"twitter:label1\" content=\"Estimated reading time\" \/>\n\t<meta name=\"twitter:data1\" content=\"5 minutes\" \/>\n<script type=\"application\/ld+json\" class=\"yoast-schema-graph\">{\"@context\":\"https:\\\/\\\/schema.org\",\"@graph\":[{\"@type\":\"Article\",\"@id\":\"https:\\\/\\\/slc-liftco.com\\\/en\\\/safety-gear\\\/accessories\\\/#article\",\"isPartOf\":{\"@id\":\"https:\\\/\\\/slc-liftco.com\\\/en\\\/safety-gear\\\/accessories\\\/\"},\"author\":{\"name\":\"Admin\",\"@id\":\"https:\\\/\\\/slc-liftco.com\\\/en\\\/#\\\/schema\\\/person\\\/18eabb6e2eb5f68101eeb94e08247a99\"},\"headline\":\"ACCESSORIES\",\"datePublished\":\"2019-02-11T12:40:03+00:00\",\"dateModified\":\"2025-04-15T09:37:48+00:00\",\"mainEntityOfPage\":{\"@id\":\"https:\\\/\\\/slc-liftco.com\\\/en\\\/safety-gear\\\/accessories\\\/\"},\"wordCount\":1,\"publisher\":{\"@id\":\"https:\\\/\\\/slc-liftco.com\\\/en\\\/#organization\"},\"inLanguage\":\"en-GB\"},{\"@type\":\"WebPage\",\"@id\":\"https:\\\/\\\/slc-liftco.com\\\/en\\\/safety-gear\\\/accessories\\\/\",\"url\":\"https:\\\/\\\/slc-liftco.com\\\/en\\\/safety-gear\\\/accessories\\\/\",\"name\":\"Accessories for our all-in-one safety solutions | SLC GmbH\",\"isPartOf\":{\"@id\":\"https:\\\/\\\/slc-liftco.com\\\/en\\\/#website\"},\"datePublished\":\"2019-02-11T12:40:03+00:00\",\"dateModified\":\"2025-04-15T09:37:48+00:00\",\"description\":\"All of our accessories for BF & SG safety gears for your needs. Offering also additional spare parts, overspeed governor and much more!\",\"breadcrumb\":{\"@id\":\"https:\\\/\\\/slc-liftco.com\\\/en\\\/safety-gear\\\/accessories\\\/#breadcrumb\"},\"inLanguage\":\"en-GB\",\"potentialAction\":[{\"@type\":\"ReadAction\",\"target\":[\"https:\\\/\\\/slc-liftco.com\\\/en\\\/safety-gear\\\/accessories\\\/\"]}]},{\"@type\":\"BreadcrumbList\",\"@id\":\"https:\\\/\\\/slc-liftco.com\\\/en\\\/safety-gear\\\/accessories\\\/#breadcrumb\",\"itemListElement\":[{\"@type\":\"ListItem\",\"position\":1,\"name\":\"Homepage\",\"item\":\"https:\\\/\\\/slc-liftco.com\\\/en\\\/\"},{\"@type\":\"ListItem\",\"position\":2,\"name\":\"Safety Gears\",\"item\":\"https:\\\/\\\/slc-liftco.com\\\/en\\\/safety-gear\\\/\"},{\"@type\":\"ListItem\",\"position\":3,\"name\":\"accessories\"}]},{\"@type\":\"WebSite\",\"@id\":\"https:\\\/\\\/slc-liftco.com\\\/en\\\/#website\",\"url\":\"https:\\\/\\\/slc-liftco.com\\\/en\\\/\",\"name\":\"Sautter Lift Components GmbH\",\"description\":\"Sautter Lift Components GmbH\",\"publisher\":{\"@id\":\"https:\\\/\\\/slc-liftco.com\\\/en\\\/#organization\"},\"potentialAction\":[{\"@type\":\"SearchAction\",\"target\":{\"@type\":\"EntryPoint\",\"urlTemplate\":\"https:\\\/\\\/slc-liftco.com\\\/en\\\/?s={search_term_string}\"},\"query-input\":{\"@type\":\"PropertyValueSpecification\",\"valueRequired\":true,\"valueName\":\"search_term_string\"}}],\"inLanguage\":\"en-GB\"},{\"@type\":\"Organization\",\"@id\":\"https:\\\/\\\/slc-liftco.com\\\/en\\\/#organization\",\"name\":\"Sautter Lift Components GmbH\",\"alternateName\":\"SLC\",\"url\":\"https:\\\/\\\/slc-liftco.com\\\/en\\\/\",\"logo\":{\"@type\":\"ImageObject\",\"inLanguage\":\"en-GB\",\"@id\":\"https:\\\/\\\/slc-liftco.com\\\/en\\\/#\\\/schema\\\/logo\\\/image\\\/\",\"url\":\"https:\\\/\\\/slc-liftco.com\\\/wp-content\\\/uploads\\\/2019\\\/01\\\/slc-logo.jpg\",\"contentUrl\":\"https:\\\/\\\/slc-liftco.com\\\/wp-content\\\/uploads\\\/2019\\\/01\\\/slc-logo.jpg\",\"width\":295,\"height\":202,\"caption\":\"Sautter Lift Components GmbH\"},\"image\":{\"@id\":\"https:\\\/\\\/slc-liftco.com\\\/en\\\/#\\\/schema\\\/logo\\\/image\\\/\"},\"sameAs\":[\"https:\\\/\\\/www.linkedin.com\\\/company\\\/slc-liftco\\\/posts\\\/?feedView=all&amp;amp;amp;amp;amp;amp;amp;viewAsMember=true\",\"https:\\\/\\\/www.youtube.com\\\/channel\\\/UCVv9i9DNosHTE6sOGg1J8lA\"]},{\"@type\":\"Person\",\"@id\":\"https:\\\/\\\/slc-liftco.com\\\/en\\\/#\\\/schema\\\/person\\\/18eabb6e2eb5f68101eeb94e08247a99\",\"name\":\"Admin\",\"image\":{\"@type\":\"ImageObject\",\"inLanguage\":\"en-GB\",\"@id\":\"https:\\\/\\\/secure.gravatar.com\\\/avatar\\\/fe8f1d6d269ac48ed9e2be73f584655a307c04cf847d0609bcdb6204b581314d?s=96&d=mm&r=g\",\"url\":\"https:\\\/\\\/secure.gravatar.com\\\/avatar\\\/fe8f1d6d269ac48ed9e2be73f584655a307c04cf847d0609bcdb6204b581314d?s=96&d=mm&r=g\",\"contentUrl\":\"https:\\\/\\\/secure.gravatar.com\\\/avatar\\\/fe8f1d6d269ac48ed9e2be73f584655a307c04cf847d0609bcdb6204b581314d?s=96&d=mm&r=g\",\"caption\":\"Admin\"},\"url\":\"https:\\\/\\\/slc-liftco.com\\\/en\\\/author\\\/admin\\\/\"}]}<\/script>\n<!-- \/ Yoast SEO plugin. -->","yoast_head_json":{"title":"Accessories for our all-in-one safety solutions | SLC GmbH","description":"All of our accessories for BF & SG safety gears for your needs. Offering also additional spare parts, overspeed governor and much more!","robots":{"index":"index","follow":"follow","max-snippet":"max-snippet:-1","max-image-preview":"max-image-preview:large","max-video-preview":"max-video-preview:-1"},"canonical":"https:\/\/slc-liftco.com\/en\/safety-gear\/accessories\/","og_locale":"en_GB","og_type":"article","og_title":"Accessories for our all-in-one safety solutions | SLC GmbH","og_description":"All of our accessories for BF & SG safety gears for your needs. Offering also additional spare parts, overspeed governor and much more!","og_url":"https:\/\/slc-liftco.com\/en\/safety-gear\/accessories\/","og_site_name":"Sautter Lift Components GmbH","article_modified_time":"2025-04-15T09:37:48+00:00","twitter_card":"summary_large_image","twitter_misc":{"Estimated reading time":"5 minutes"},"schema":{"@context":"https:\/\/schema.org","@graph":[{"@type":"Article","@id":"https:\/\/slc-liftco.com\/en\/safety-gear\/accessories\/#article","isPartOf":{"@id":"https:\/\/slc-liftco.com\/en\/safety-gear\/accessories\/"},"author":{"name":"Admin","@id":"https:\/\/slc-liftco.com\/en\/#\/schema\/person\/18eabb6e2eb5f68101eeb94e08247a99"},"headline":"ACCESSORIES","datePublished":"2019-02-11T12:40:03+00:00","dateModified":"2025-04-15T09:37:48+00:00","mainEntityOfPage":{"@id":"https:\/\/slc-liftco.com\/en\/safety-gear\/accessories\/"},"wordCount":1,"publisher":{"@id":"https:\/\/slc-liftco.com\/en\/#organization"},"inLanguage":"en-GB"},{"@type":"WebPage","@id":"https:\/\/slc-liftco.com\/en\/safety-gear\/accessories\/","url":"https:\/\/slc-liftco.com\/en\/safety-gear\/accessories\/","name":"Accessories for our all-in-one safety solutions | SLC GmbH","isPartOf":{"@id":"https:\/\/slc-liftco.com\/en\/#website"},"datePublished":"2019-02-11T12:40:03+00:00","dateModified":"2025-04-15T09:37:48+00:00","description":"All of our accessories for BF & SG safety gears for your needs. Offering also additional spare parts, overspeed governor and much more!","breadcrumb":{"@id":"https:\/\/slc-liftco.com\/en\/safety-gear\/accessories\/#breadcrumb"},"inLanguage":"en-GB","potentialAction":[{"@type":"ReadAction","target":["https:\/\/slc-liftco.com\/en\/safety-gear\/accessories\/"]}]},{"@type":"BreadcrumbList","@id":"https:\/\/slc-liftco.com\/en\/safety-gear\/accessories\/#breadcrumb","itemListElement":[{"@type":"ListItem","position":1,"name":"Homepage","item":"https:\/\/slc-liftco.com\/en\/"},{"@type":"ListItem","position":2,"name":"Safety Gears","item":"https:\/\/slc-liftco.com\/en\/safety-gear\/"},{"@type":"ListItem","position":3,"name":"accessories"}]},{"@type":"WebSite","@id":"https:\/\/slc-liftco.com\/en\/#website","url":"https:\/\/slc-liftco.com\/en\/","name":"Sautter Lift Components GmbH","description":"Sautter Lift Components GmbH","publisher":{"@id":"https:\/\/slc-liftco.com\/en\/#organization"},"potentialAction":[{"@type":"SearchAction","target":{"@type":"EntryPoint","urlTemplate":"https:\/\/slc-liftco.com\/en\/?s={search_term_string}"},"query-input":{"@type":"PropertyValueSpecification","valueRequired":true,"valueName":"search_term_string"}}],"inLanguage":"en-GB"},{"@type":"Organization","@id":"https:\/\/slc-liftco.com\/en\/#organization","name":"Sautter Lift Components GmbH","alternateName":"SLC","url":"https:\/\/slc-liftco.com\/en\/","logo":{"@type":"ImageObject","inLanguage":"en-GB","@id":"https:\/\/slc-liftco.com\/en\/#\/schema\/logo\/image\/","url":"https:\/\/slc-liftco.com\/wp-content\/uploads\/2019\/01\/slc-logo.jpg","contentUrl":"https:\/\/slc-liftco.com\/wp-content\/uploads\/2019\/01\/slc-logo.jpg","width":295,"height":202,"caption":"Sautter Lift Components GmbH"},"image":{"@id":"https:\/\/slc-liftco.com\/en\/#\/schema\/logo\/image\/"},"sameAs":["https:\/\/www.linkedin.com\/company\/slc-liftco\/posts\/?feedView=all&amp;amp;amp;amp;amp;amp;amp;viewAsMember=true","https:\/\/www.youtube.com\/channel\/UCVv9i9DNosHTE6sOGg1J8lA"]},{"@type":"Person","@id":"https:\/\/slc-liftco.com\/en\/#\/schema\/person\/18eabb6e2eb5f68101eeb94e08247a99","name":"Admin","image":{"@type":"ImageObject","inLanguage":"en-GB","@id":"https:\/\/secure.gravatar.com\/avatar\/fe8f1d6d269ac48ed9e2be73f584655a307c04cf847d0609bcdb6204b581314d?s=96&d=mm&r=g","url":"https:\/\/secure.gravatar.com\/avatar\/fe8f1d6d269ac48ed9e2be73f584655a307c04cf847d0609bcdb6204b581314d?s=96&d=mm&r=g","contentUrl":"https:\/\/secure.gravatar.com\/avatar\/fe8f1d6d269ac48ed9e2be73f584655a307c04cf847d0609bcdb6204b581314d?s=96&d=mm&r=g","caption":"Admin"},"url":"https:\/\/slc-liftco.com\/en\/author\/admin\/"}]}},"_links":{"self":[{"href":"https:\/\/slc-liftco.com\/en\/wp-json\/wp\/v2\/pages\/4330","targetHints":{"allow":["GET"]}}],"collection":[{"href":"https:\/\/slc-liftco.com\/en\/wp-json\/wp\/v2\/pages"}],"about":[{"href":"https:\/\/slc-liftco.com\/en\/wp-json\/wp\/v2\/types\/page"}],"author":[{"embeddable":true,"href":"https:\/\/slc-liftco.com\/en\/wp-json\/wp\/v2\/users\/1"}],"replies":[{"embeddable":true,"href":"https:\/\/slc-liftco.com\/en\/wp-json\/wp\/v2\/comments?post=4330"}],"version-history":[{"count":0,"href":"https:\/\/slc-liftco.com\/en\/wp-json\/wp\/v2\/pages\/4330\/revisions"}],"up":[{"embeddable":true,"href":"https:\/\/slc-liftco.com\/en\/wp-json\/wp\/v2\/pages\/17710"}],"wp:attachment":[{"href":"https:\/\/slc-liftco.com\/en\/wp-json\/wp\/v2\/media?parent=4330"}],"curies":[{"name":"wp","href":"https:\/\/api.w.org\/{rel}","templated":true}]}}