{"id":19804,"date":"2024-03-01T14:53:41","date_gmt":"2024-03-01T13:53:41","guid":{"rendered":"https:\/\/slc-liftco.com\/?page_id=19804"},"modified":"2024-03-13T12:32:45","modified_gmt":"2024-03-13T11:32:45","slug":"familynet","status":"publish","type":"page","link":"https:\/\/slc-liftco.com\/en\/newsblog\/familynet\/","title":{"rendered":"familyNET"},"content":{"rendered":"<div id=\"pl-gb19804-69d46de4d1354\"  class=\"panel-layout\" ><div id=\"pg-gb19804-69d46de4d1354-0\"  class=\"panel-grid panel-has-style\" ><div class=\"panel-row-style panel-row-style-for-gb19804-69d46de4d1354-0\" ><div id=\"pgc-gb19804-69d46de4d1354-0-0\"  class=\"panel-grid-cell\" ><div id=\"panel-gb19804-69d46de4d1354-0-0-0\" class=\"so-panel widget_sow-image panel-first-child panel-last-child\" data-index=\"0\" ><div\n\t\t\t\n\t\t\tclass=\"so-widget-sow-image so-widget-sow-image-default-dbf295114b96-19804\"\n\t\t\t\n\t\t>\n<div class=\"sow-image-container\">\n\t\t<img \n\tsrc=\"https:\/\/slc-liftco.com\/wp-content\/uploads\/2019\/07\/Newsletter-SLC-e1563803654814.jpeg\" width=\"4961\" height=\"1004\" srcset=\"https:\/\/slc-liftco.com\/wp-content\/uploads\/2019\/07\/Newsletter-SLC-e1563803654814.jpeg 4961w, https:\/\/slc-liftco.com\/wp-content\/uploads\/2019\/07\/Newsletter-SLC-e1563803654814-300x61.jpeg 300w, https:\/\/slc-liftco.com\/wp-content\/uploads\/2019\/07\/Newsletter-SLC-e1563803654814-768x155.jpeg 768w, https:\/\/slc-liftco.com\/wp-content\/uploads\/2019\/07\/Newsletter-SLC-e1563803654814-1024x207.jpeg 1024w, https:\/\/slc-liftco.com\/wp-content\/uploads\/2019\/07\/Newsletter-SLC-e1563803654814-1200x243.jpeg 1200w\" sizes=\"(max-width: 709px) 85vw, (max-width: 909px) 67vw, (max-width: 1362px) 62vw, 840px\" title=\"Many Caucasian People And Hands Holding Red Letters Or Characters Building The English Word Newsletter On Blue Sky\" alt=\"H\u00e4nde halten Buchstaben f\u00fcr Newsletter hoch\" \t\tclass=\"so-widget-image\"\/>\n\t<\/div>\n\n<\/div><\/div><\/div><\/div><\/div><div id=\"pg-gb19804-69d46de4d1354-1\"  class=\"panel-grid panel-has-style\" ><div class=\"panel-row-style panel-row-style-for-gb19804-69d46de4d1354-1\" ><div id=\"pgc-gb19804-69d46de4d1354-1-0\"  class=\"panel-grid-cell\" ><div id=\"panel-gb19804-69d46de4d1354-1-0-0\" class=\"so-panel widget_sow-editor panel-first-child panel-last-child\" data-index=\"1\" ><div class=\"panel-widget-style panel-widget-style-for-gb19804-69d46de4d1354-1-0-0\" ><div\n\t\t\t\n\t\t\tclass=\"so-widget-sow-editor so-widget-sow-editor-base\"\n\t\t\t\n\t\t>\n<div class=\"siteorigin-widget-tinymce textwidget\">\n\t<p>Kornwestheim in February 2024<\/p>\n<h1>Awarded the title of &#8220;family-friendly company&#8221;<\/h1>\n<p>In 2023, SLC was awarded the &#8220;Family-friendly company&#8221; award by the familyNET initiative; the award ceremony took place on 27.02.2024.<\/p>\n<p>The award is a distinction for a reliable work-life balance and a modern organizational and corporate culture.<\/p>\n<p>The companies&#8217; activities in the areas of leadership skills and personnel development, place, time and organization of work, communication, non-cash benefits, service for families, health and civic engagement were evaluated.<\/p>\n<p>The familyNET project was initiated 15 years ago by the S\u00fcdwestmetall employers&#8217; association and is supported by the Verband der Metall- und Elektroindustrie Baden-W\u00fcrttemberg e. V., S\u00fcdwestmetall and the Arbeitgeberverband Chemie Baden-W\u00fcrttemberg e. V.. The Bildungswerk der Baden-W\u00fcrttembergischen Wirtschaft e. V. is implementing the familyNET project. Cooperation partners are the Baden-W\u00fcrttemberg State Family Council and the Baden-W\u00fcrttemberg Ministry of Economic Affairs, Labor and Tourism.<\/p>\n<p>In the 2023 financial year, only 30 companies achieved the award for their successful work towards a better work-life balance.<\/p>\n<p>&nbsp;<\/p>\n<\/div>\n<\/div><\/div><\/div><\/div><\/div><\/div><div id=\"pg-gb19804-69d46de4d1354-2\"  class=\"panel-grid panel-has-style\" ><div class=\"panel-row-style panel-row-style-for-gb19804-69d46de4d1354-2\" ><div id=\"pgc-gb19804-69d46de4d1354-2-0\"  class=\"panel-grid-cell panel-grid-cell-mobile-last\" ><div id=\"panel-gb19804-69d46de4d1354-2-0-0\" class=\"so-panel widget_sow-image panel-first-child panel-last-child\" data-index=\"2\" ><div\n\t\t\t\n\t\t\tclass=\"so-widget-sow-image so-widget-sow-image-default-c67d20f9f743-19804\"\n\t\t\t\n\t\t>\n<div class=\"sow-image-container\">\n\t\t\t<a href=\"https:\/\/slc-liftco.com\/wp-content\/uploads\/2024\/03\/Familienbewusstes-Unternehmen-1-scaled.webp\" data-src=\"https:\/\/slc-liftco.com\/wp-content\/uploads\/2024\/03\/Familienbewusstes-Unternehmen-1-scaled.webp\" data-thumb=\"https:\/\/slc-liftco.com\/wp-content\/uploads\/2024\/03\/Familienbewusstes-Unternehmen-1-724x1024.webp\" class=\"ml-lightbox-enabled\">\n\t\t\t<img \n\tsrc=\"https:\/\/slc-liftco.com\/wp-content\/uploads\/2024\/03\/Familienbewusstes-Unternehmen-1-724x1024.webp\" width=\"354\" height=\"500\" srcset=\"https:\/\/slc-liftco.com\/wp-content\/uploads\/2024\/03\/Familienbewusstes-Unternehmen-1-724x1024.webp 724w, https:\/\/slc-liftco.com\/wp-content\/uploads\/2024\/03\/Familienbewusstes-Unternehmen-1-212x300.webp 212w, https:\/\/slc-liftco.com\/wp-content\/uploads\/2024\/03\/Familienbewusstes-Unternehmen-1-768x1086.webp 768w, https:\/\/slc-liftco.com\/wp-content\/uploads\/2024\/03\/Familienbewusstes-Unternehmen-1-1086x1536.webp 1086w, https:\/\/slc-liftco.com\/wp-content\/uploads\/2024\/03\/Familienbewusstes-Unternehmen-1-1448x2048.webp 1448w, https:\/\/slc-liftco.com\/wp-content\/uploads\/2024\/03\/Familienbewusstes-Unternehmen-1-1200x1697.webp 1200w, https:\/\/slc-liftco.com\/wp-content\/uploads\/2024\/03\/Familienbewusstes-Unternehmen-1-scaled.webp 1810w\" sizes=\"(max-width: 354px) 85vw, 354px\" title=\"Familienbewusstes Unternehmen\" alt=\"\" \t\tclass=\"so-widget-image\"\/>\n\t\t\t<\/a><\/div>\n\n<\/div><\/div><\/div><div id=\"pgc-gb19804-69d46de4d1354-2-1\"  class=\"panel-grid-cell panel-grid-cell-empty\" ><\/div><\/div><\/div><\/div>","protected":false},"excerpt":{"rendered":"<p>Kornwestheim in February 2024 Awarded the title of &#8220;family-friendly company&#8221; In 2023, SLC was awarded the &#8220;Family-friendly company&#8221; award by the familyNET initiative; the award ceremony took place on 27.02.2024. The award is a distinction for a reliable work-life balance and a modern organizational and corporate culture. The companies&#8217; activities in the areas of leadership &hellip; <a href=\"https:\/\/slc-liftco.com\/en\/newsblog\/familynet\/\" class=\"more-link\">Continue reading<span class=\"screen-reader-text\"> &#8220;familyNET&#8221;<\/span><\/a><\/p>\n","protected":false},"author":6,"featured_media":0,"parent":4586,"menu_order":0,"comment_status":"closed","ping_status":"closed","template":"","meta":{"footnotes":""},"class_list":["post-19804","page","type-page","status-publish","hentry"],"yoast_head":"<!-- This site is optimized with the Yoast SEO plugin v27.3 - https:\/\/yoast.com\/product\/yoast-seo-wordpress\/ -->\n<title>familyNET - Sautter Lift Components GmbH<\/title>\n<meta name=\"robots\" content=\"index, follow, max-snippet:-1, max-image-preview:large, max-video-preview:-1\" \/>\n<link rel=\"canonical\" href=\"https:\/\/slc-liftco.com\/en\/newsblog\/familynet\/\" \/>\n<meta property=\"og:locale\" content=\"en_GB\" \/>\n<meta property=\"og:type\" content=\"article\" \/>\n<meta property=\"og:title\" content=\"familyNET - Sautter Lift Components GmbH\" \/>\n<meta property=\"og:description\" content=\"Kornwestheim in February 2024 Awarded the title of &quot;family-friendly company&quot; In 2023, SLC was awarded the &quot;Family-friendly company&quot; award by the familyNET initiative; the award ceremony took place on 27.02.2024. The award is a distinction for a reliable work-life balance and a modern organizational and corporate culture. The companies&#039; activities in the areas of leadership &hellip; Continue reading &quot;familyNET&quot;\" \/>\n<meta property=\"og:url\" content=\"https:\/\/slc-liftco.com\/en\/newsblog\/familynet\/\" \/>\n<meta property=\"og:site_name\" content=\"Sautter Lift Components GmbH\" \/>\n<meta property=\"article:modified_time\" content=\"2024-03-13T11:32:45+00:00\" \/>\n<meta property=\"og:image\" content=\"https:\/\/slc-liftco.com\/wp-content\/uploads\/2019\/07\/Newsletter-SLC-e1563803654814.jpeg\" \/>\n<meta name=\"twitter:card\" content=\"summary_large_image\" \/>\n<meta name=\"twitter:label1\" content=\"Estimated reading time\" \/>\n\t<meta name=\"twitter:data1\" content=\"2 minutes\" \/>\n<script type=\"application\/ld+json\" class=\"yoast-schema-graph\">{\"@context\":\"https:\\\/\\\/schema.org\",\"@graph\":[{\"@type\":\"Article\",\"@id\":\"https:\\\/\\\/slc-liftco.com\\\/en\\\/newsblog\\\/familynet\\\/#article\",\"isPartOf\":{\"@id\":\"https:\\\/\\\/slc-liftco.com\\\/en\\\/newsblog\\\/familynet\\\/\"},\"author\":{\"name\":\"Rebecca Sautter\",\"@id\":\"https:\\\/\\\/slc-liftco.com\\\/en\\\/#\\\/schema\\\/person\\\/1ae69d7788bf0d63c324c1cad5742ab6\"},\"headline\":\"familyNET\",\"datePublished\":\"2024-03-01T13:53:41+00:00\",\"dateModified\":\"2024-03-13T11:32:45+00:00\",\"mainEntityOfPage\":{\"@id\":\"https:\\\/\\\/slc-liftco.com\\\/en\\\/newsblog\\\/familynet\\\/\"},\"wordCount\":164,\"publisher\":{\"@id\":\"https:\\\/\\\/slc-liftco.com\\\/en\\\/#organization\"},\"image\":{\"@id\":\"https:\\\/\\\/slc-liftco.com\\\/en\\\/newsblog\\\/familynet\\\/#primaryimage\"},\"thumbnailUrl\":\"https:\\\/\\\/slc-liftco.com\\\/wp-content\\\/uploads\\\/2019\\\/07\\\/Newsletter-SLC-e1563803654814.jpeg\",\"inLanguage\":\"en-GB\"},{\"@type\":\"WebPage\",\"@id\":\"https:\\\/\\\/slc-liftco.com\\\/en\\\/newsblog\\\/familynet\\\/\",\"url\":\"https:\\\/\\\/slc-liftco.com\\\/en\\\/newsblog\\\/familynet\\\/\",\"name\":\"familyNET - Sautter Lift Components GmbH\",\"isPartOf\":{\"@id\":\"https:\\\/\\\/slc-liftco.com\\\/en\\\/#website\"},\"primaryImageOfPage\":{\"@id\":\"https:\\\/\\\/slc-liftco.com\\\/en\\\/newsblog\\\/familynet\\\/#primaryimage\"},\"image\":{\"@id\":\"https:\\\/\\\/slc-liftco.com\\\/en\\\/newsblog\\\/familynet\\\/#primaryimage\"},\"thumbnailUrl\":\"https:\\\/\\\/slc-liftco.com\\\/wp-content\\\/uploads\\\/2019\\\/07\\\/Newsletter-SLC-e1563803654814.jpeg\",\"datePublished\":\"2024-03-01T13:53:41+00:00\",\"dateModified\":\"2024-03-13T11:32:45+00:00\",\"breadcrumb\":{\"@id\":\"https:\\\/\\\/slc-liftco.com\\\/en\\\/newsblog\\\/familynet\\\/#breadcrumb\"},\"inLanguage\":\"en-GB\",\"potentialAction\":[{\"@type\":\"ReadAction\",\"target\":[\"https:\\\/\\\/slc-liftco.com\\\/en\\\/newsblog\\\/familynet\\\/\"]}]},{\"@type\":\"ImageObject\",\"inLanguage\":\"en-GB\",\"@id\":\"https:\\\/\\\/slc-liftco.com\\\/en\\\/newsblog\\\/familynet\\\/#primaryimage\",\"url\":\"https:\\\/\\\/slc-liftco.com\\\/wp-content\\\/uploads\\\/2019\\\/07\\\/Newsletter-SLC-e1563803654814.jpeg\",\"contentUrl\":\"https:\\\/\\\/slc-liftco.com\\\/wp-content\\\/uploads\\\/2019\\\/07\\\/Newsletter-SLC-e1563803654814.jpeg\"},{\"@type\":\"BreadcrumbList\",\"@id\":\"https:\\\/\\\/slc-liftco.com\\\/en\\\/newsblog\\\/familynet\\\/#breadcrumb\",\"itemListElement\":[{\"@type\":\"ListItem\",\"position\":1,\"name\":\"Homepage\",\"item\":\"https:\\\/\\\/slc-liftco.com\\\/en\\\/\"},{\"@type\":\"ListItem\",\"position\":2,\"name\":\"Newsblog\",\"item\":\"https:\\\/\\\/slc-liftco.com\\\/en\\\/newsblog\\\/\"},{\"@type\":\"ListItem\",\"position\":3,\"name\":\"familyNET\"}]},{\"@type\":\"WebSite\",\"@id\":\"https:\\\/\\\/slc-liftco.com\\\/en\\\/#website\",\"url\":\"https:\\\/\\\/slc-liftco.com\\\/en\\\/\",\"name\":\"Sautter Lift Components GmbH\",\"description\":\"Sautter Lift Components GmbH\",\"publisher\":{\"@id\":\"https:\\\/\\\/slc-liftco.com\\\/en\\\/#organization\"},\"potentialAction\":[{\"@type\":\"SearchAction\",\"target\":{\"@type\":\"EntryPoint\",\"urlTemplate\":\"https:\\\/\\\/slc-liftco.com\\\/en\\\/?s={search_term_string}\"},\"query-input\":{\"@type\":\"PropertyValueSpecification\",\"valueRequired\":true,\"valueName\":\"search_term_string\"}}],\"inLanguage\":\"en-GB\"},{\"@type\":\"Organization\",\"@id\":\"https:\\\/\\\/slc-liftco.com\\\/en\\\/#organization\",\"name\":\"Sautter Lift Components GmbH\",\"alternateName\":\"SLC\",\"url\":\"https:\\\/\\\/slc-liftco.com\\\/en\\\/\",\"logo\":{\"@type\":\"ImageObject\",\"inLanguage\":\"en-GB\",\"@id\":\"https:\\\/\\\/slc-liftco.com\\\/en\\\/#\\\/schema\\\/logo\\\/image\\\/\",\"url\":\"https:\\\/\\\/slc-liftco.com\\\/wp-content\\\/uploads\\\/2019\\\/01\\\/slc-logo.jpg\",\"contentUrl\":\"https:\\\/\\\/slc-liftco.com\\\/wp-content\\\/uploads\\\/2019\\\/01\\\/slc-logo.jpg\",\"width\":295,\"height\":202,\"caption\":\"Sautter Lift Components GmbH\"},\"image\":{\"@id\":\"https:\\\/\\\/slc-liftco.com\\\/en\\\/#\\\/schema\\\/logo\\\/image\\\/\"},\"sameAs\":[\"https:\\\/\\\/www.linkedin.com\\\/company\\\/slc-liftco\\\/posts\\\/?feedView=all&amp;amp;amp;amp;amp;amp;amp;viewAsMember=true\",\"https:\\\/\\\/www.youtube.com\\\/channel\\\/UCVv9i9DNosHTE6sOGg1J8lA\"]},{\"@type\":\"Person\",\"@id\":\"https:\\\/\\\/slc-liftco.com\\\/en\\\/#\\\/schema\\\/person\\\/1ae69d7788bf0d63c324c1cad5742ab6\",\"name\":\"Rebecca Sautter\",\"image\":{\"@type\":\"ImageObject\",\"inLanguage\":\"en-GB\",\"@id\":\"https:\\\/\\\/secure.gravatar.com\\\/avatar\\\/f52d280086610850b37bbf51af4993ba45dbafb390ab366f002ef696593f5f83?s=96&d=mm&r=g\",\"url\":\"https:\\\/\\\/secure.gravatar.com\\\/avatar\\\/f52d280086610850b37bbf51af4993ba45dbafb390ab366f002ef696593f5f83?s=96&d=mm&r=g\",\"contentUrl\":\"https:\\\/\\\/secure.gravatar.com\\\/avatar\\\/f52d280086610850b37bbf51af4993ba45dbafb390ab366f002ef696593f5f83?s=96&d=mm&r=g\",\"caption\":\"Rebecca Sautter\"},\"url\":\"https:\\\/\\\/slc-liftco.com\\\/en\\\/author\\\/r-sautter\\\/\"}]}<\/script>\n<!-- \/ Yoast SEO plugin. -->","yoast_head_json":{"title":"familyNET - Sautter Lift Components GmbH","robots":{"index":"index","follow":"follow","max-snippet":"max-snippet:-1","max-image-preview":"max-image-preview:large","max-video-preview":"max-video-preview:-1"},"canonical":"https:\/\/slc-liftco.com\/en\/newsblog\/familynet\/","og_locale":"en_GB","og_type":"article","og_title":"familyNET - Sautter Lift Components GmbH","og_description":"Kornwestheim in February 2024 Awarded the title of \"family-friendly company\" In 2023, SLC was awarded the \"Family-friendly company\" award by the familyNET initiative; the award ceremony took place on 27.02.2024. The award is a distinction for a reliable work-life balance and a modern organizational and corporate culture. The companies' activities in the areas of leadership &hellip; Continue reading \"familyNET\"","og_url":"https:\/\/slc-liftco.com\/en\/newsblog\/familynet\/","og_site_name":"Sautter Lift Components GmbH","article_modified_time":"2024-03-13T11:32:45+00:00","og_image":[{"url":"https:\/\/slc-liftco.com\/wp-content\/uploads\/2019\/07\/Newsletter-SLC-e1563803654814.jpeg","type":"","width":"","height":""}],"twitter_card":"summary_large_image","twitter_misc":{"Estimated reading time":"2 minutes"},"schema":{"@context":"https:\/\/schema.org","@graph":[{"@type":"Article","@id":"https:\/\/slc-liftco.com\/en\/newsblog\/familynet\/#article","isPartOf":{"@id":"https:\/\/slc-liftco.com\/en\/newsblog\/familynet\/"},"author":{"name":"Rebecca Sautter","@id":"https:\/\/slc-liftco.com\/en\/#\/schema\/person\/1ae69d7788bf0d63c324c1cad5742ab6"},"headline":"familyNET","datePublished":"2024-03-01T13:53:41+00:00","dateModified":"2024-03-13T11:32:45+00:00","mainEntityOfPage":{"@id":"https:\/\/slc-liftco.com\/en\/newsblog\/familynet\/"},"wordCount":164,"publisher":{"@id":"https:\/\/slc-liftco.com\/en\/#organization"},"image":{"@id":"https:\/\/slc-liftco.com\/en\/newsblog\/familynet\/#primaryimage"},"thumbnailUrl":"https:\/\/slc-liftco.com\/wp-content\/uploads\/2019\/07\/Newsletter-SLC-e1563803654814.jpeg","inLanguage":"en-GB"},{"@type":"WebPage","@id":"https:\/\/slc-liftco.com\/en\/newsblog\/familynet\/","url":"https:\/\/slc-liftco.com\/en\/newsblog\/familynet\/","name":"familyNET - Sautter Lift Components GmbH","isPartOf":{"@id":"https:\/\/slc-liftco.com\/en\/#website"},"primaryImageOfPage":{"@id":"https:\/\/slc-liftco.com\/en\/newsblog\/familynet\/#primaryimage"},"image":{"@id":"https:\/\/slc-liftco.com\/en\/newsblog\/familynet\/#primaryimage"},"thumbnailUrl":"https:\/\/slc-liftco.com\/wp-content\/uploads\/2019\/07\/Newsletter-SLC-e1563803654814.jpeg","datePublished":"2024-03-01T13:53:41+00:00","dateModified":"2024-03-13T11:32:45+00:00","breadcrumb":{"@id":"https:\/\/slc-liftco.com\/en\/newsblog\/familynet\/#breadcrumb"},"inLanguage":"en-GB","potentialAction":[{"@type":"ReadAction","target":["https:\/\/slc-liftco.com\/en\/newsblog\/familynet\/"]}]},{"@type":"ImageObject","inLanguage":"en-GB","@id":"https:\/\/slc-liftco.com\/en\/newsblog\/familynet\/#primaryimage","url":"https:\/\/slc-liftco.com\/wp-content\/uploads\/2019\/07\/Newsletter-SLC-e1563803654814.jpeg","contentUrl":"https:\/\/slc-liftco.com\/wp-content\/uploads\/2019\/07\/Newsletter-SLC-e1563803654814.jpeg"},{"@type":"BreadcrumbList","@id":"https:\/\/slc-liftco.com\/en\/newsblog\/familynet\/#breadcrumb","itemListElement":[{"@type":"ListItem","position":1,"name":"Homepage","item":"https:\/\/slc-liftco.com\/en\/"},{"@type":"ListItem","position":2,"name":"Newsblog","item":"https:\/\/slc-liftco.com\/en\/newsblog\/"},{"@type":"ListItem","position":3,"name":"familyNET"}]},{"@type":"WebSite","@id":"https:\/\/slc-liftco.com\/en\/#website","url":"https:\/\/slc-liftco.com\/en\/","name":"Sautter Lift Components GmbH","description":"Sautter Lift Components GmbH","publisher":{"@id":"https:\/\/slc-liftco.com\/en\/#organization"},"potentialAction":[{"@type":"SearchAction","target":{"@type":"EntryPoint","urlTemplate":"https:\/\/slc-liftco.com\/en\/?s={search_term_string}"},"query-input":{"@type":"PropertyValueSpecification","valueRequired":true,"valueName":"search_term_string"}}],"inLanguage":"en-GB"},{"@type":"Organization","@id":"https:\/\/slc-liftco.com\/en\/#organization","name":"Sautter Lift Components GmbH","alternateName":"SLC","url":"https:\/\/slc-liftco.com\/en\/","logo":{"@type":"ImageObject","inLanguage":"en-GB","@id":"https:\/\/slc-liftco.com\/en\/#\/schema\/logo\/image\/","url":"https:\/\/slc-liftco.com\/wp-content\/uploads\/2019\/01\/slc-logo.jpg","contentUrl":"https:\/\/slc-liftco.com\/wp-content\/uploads\/2019\/01\/slc-logo.jpg","width":295,"height":202,"caption":"Sautter Lift Components GmbH"},"image":{"@id":"https:\/\/slc-liftco.com\/en\/#\/schema\/logo\/image\/"},"sameAs":["https:\/\/www.linkedin.com\/company\/slc-liftco\/posts\/?feedView=all&amp;amp;amp;amp;amp;amp;amp;viewAsMember=true","https:\/\/www.youtube.com\/channel\/UCVv9i9DNosHTE6sOGg1J8lA"]},{"@type":"Person","@id":"https:\/\/slc-liftco.com\/en\/#\/schema\/person\/1ae69d7788bf0d63c324c1cad5742ab6","name":"Rebecca Sautter","image":{"@type":"ImageObject","inLanguage":"en-GB","@id":"https:\/\/secure.gravatar.com\/avatar\/f52d280086610850b37bbf51af4993ba45dbafb390ab366f002ef696593f5f83?s=96&d=mm&r=g","url":"https:\/\/secure.gravatar.com\/avatar\/f52d280086610850b37bbf51af4993ba45dbafb390ab366f002ef696593f5f83?s=96&d=mm&r=g","contentUrl":"https:\/\/secure.gravatar.com\/avatar\/f52d280086610850b37bbf51af4993ba45dbafb390ab366f002ef696593f5f83?s=96&d=mm&r=g","caption":"Rebecca Sautter"},"url":"https:\/\/slc-liftco.com\/en\/author\/r-sautter\/"}]}},"_links":{"self":[{"href":"https:\/\/slc-liftco.com\/en\/wp-json\/wp\/v2\/pages\/19804","targetHints":{"allow":["GET"]}}],"collection":[{"href":"https:\/\/slc-liftco.com\/en\/wp-json\/wp\/v2\/pages"}],"about":[{"href":"https:\/\/slc-liftco.com\/en\/wp-json\/wp\/v2\/types\/page"}],"author":[{"embeddable":true,"href":"https:\/\/slc-liftco.com\/en\/wp-json\/wp\/v2\/users\/6"}],"replies":[{"embeddable":true,"href":"https:\/\/slc-liftco.com\/en\/wp-json\/wp\/v2\/comments?post=19804"}],"version-history":[{"count":0,"href":"https:\/\/slc-liftco.com\/en\/wp-json\/wp\/v2\/pages\/19804\/revisions"}],"up":[{"embeddable":true,"href":"https:\/\/slc-liftco.com\/en\/wp-json\/wp\/v2\/pages\/4586"}],"wp:attachment":[{"href":"https:\/\/slc-liftco.com\/en\/wp-json\/wp\/v2\/media?parent=19804"}],"curies":[{"name":"wp","href":"https:\/\/api.w.org\/{rel}","templated":true}]}}