{"id":19649,"date":"2024-02-27T17:01:14","date_gmt":"2024-02-27T16:01:14","guid":{"rendered":"https:\/\/slc-liftco.com\/?page_id=19649"},"modified":"2024-10-09T15:25:22","modified_gmt":"2024-10-09T13:25:22","slug":"heilbronner-aufzugstage-2024","status":"publish","type":"page","link":"https:\/\/slc-liftco.com\/en\/newsblog\/exhibitions\/heilbronner-aufzugstage-2024\/","title":{"rendered":"Heilbronner Aufzugstage 2024"},"content":{"rendered":"<div id=\"pl-gb19649-69d4c1de9de91\"  class=\"panel-layout wp-block-siteorigin-panels-layout-block panel-layout\" ><div id=\"pg-gb19649-69d4c1de9de91-0\"  class=\"panel-grid panel-has-style\" ><div class=\"panel-row-style panel-row-style-for-gb19649-69d4c1de9de91-0\" ><div id=\"pgc-gb19649-69d4c1de9de91-0-0\"  class=\"panel-grid-cell\" ><div id=\"panel-gb19649-69d4c1de9de91-0-0-0\" class=\"so-panel widget_sow-image panel-first-child panel-last-child\" data-index=\"0\" ><div\n\t\t\t\n\t\t\tclass=\"so-widget-sow-image so-widget-sow-image-default-dbf295114b96-19649\"\n\t\t\t\n\t\t>\n<div class=\"sow-image-container\">\n\t\t<img \n\tsrc=\"https:\/\/slc-liftco.com\/wp-content\/uploads\/2023\/09\/Header_Messe3-scaled.webp\" width=\"2560\" height=\"539\" srcset=\"https:\/\/slc-liftco.com\/wp-content\/uploads\/2023\/09\/Header_Messe3-scaled.webp 2560w, https:\/\/slc-liftco.com\/wp-content\/uploads\/2023\/09\/Header_Messe3-300x63.webp 300w, https:\/\/slc-liftco.com\/wp-content\/uploads\/2023\/09\/Header_Messe3-1024x216.webp 1024w, https:\/\/slc-liftco.com\/wp-content\/uploads\/2023\/09\/Header_Messe3-768x162.webp 768w, https:\/\/slc-liftco.com\/wp-content\/uploads\/2023\/09\/Header_Messe3-1536x323.webp 1536w, https:\/\/slc-liftco.com\/wp-content\/uploads\/2023\/09\/Header_Messe3-2048x431.webp 2048w, https:\/\/slc-liftco.com\/wp-content\/uploads\/2023\/09\/Header_Messe3-1200x253.webp 1200w\" sizes=\"(max-width: 709px) 85vw, (max-width: 909px) 67vw, (max-width: 1362px) 62vw, 840px\" title=\"Header_Messe3\" alt=\"\" \t\tclass=\"so-widget-image\"\/>\n\t<\/div>\n\n<\/div><\/div><\/div><\/div><\/div><div id=\"pg-gb19649-69d4c1de9de91-1\"  class=\"panel-grid panel-has-style\" ><div class=\"panel-row-style panel-row-style-for-gb19649-69d4c1de9de91-1\" ><div id=\"pgc-gb19649-69d4c1de9de91-1-0\"  class=\"panel-grid-cell\" ><div id=\"panel-gb19649-69d4c1de9de91-1-0-0\" class=\"so-panel widget_sow-editor panel-first-child panel-last-child\" data-index=\"1\" ><div class=\"panel-widget-style panel-widget-style-for-gb19649-69d4c1de9de91-1-0-0\" ><div\n\t\t\t\n\t\t\tclass=\"so-widget-sow-editor so-widget-sow-editor-base\"\n\t\t\t\n\t\t>\n<div class=\"siteorigin-widget-tinymce textwidget\">\n\t<span><span><a href=\"https:\/\/slc-liftco.com\/en\/\">Homepage<\/a><\/span><\/span>\n<\/div>\n<\/div><\/div><\/div><\/div><\/div><\/div><div id=\"pg-gb19649-69d4c1de9de91-2\"  class=\"panel-grid panel-has-style\" ><div class=\"panel-row-style panel-row-style-for-gb19649-69d4c1de9de91-2\" ><div id=\"pgc-gb19649-69d4c1de9de91-2-0\"  class=\"panel-grid-cell\" ><div id=\"panel-gb19649-69d4c1de9de91-2-0-0\" class=\"so-panel widget_sow-editor panel-first-child panel-last-child\" data-index=\"2\" ><div class=\"panel-widget-style panel-widget-style-for-gb19649-69d4c1de9de91-2-0-0\" ><div\n\t\t\t\n\t\t\tclass=\"so-widget-sow-editor so-widget-sow-editor-base\"\n\t\t\t\n\t\t>\n<div class=\"siteorigin-widget-tinymce textwidget\">\n\t<h1>Forward-looking impulses and encounters: Sautter Lift Components at the Heilbronn Lift Days 2024<\/h1>\n<p>High-calibre experts from the lift industry &#8211; from renowned lift manufacturers to component manufacturers, operators and consultants &#8211; gathered for the <strong>41st time<\/strong> at the renowned<strong> Heilbronn Lift Days<\/strong>. On <strong>5 and 6 March<\/strong>, important insights into the constantly evolving standards landscape and pioneering topics such as artificial intelligence and cyber security were offered in an inspiring setting.<\/p>\n<p>&nbsp;<\/p>\n<\/div>\n<\/div><\/div><\/div><\/div><\/div><\/div><div id=\"pg-gb19649-69d4c1de9de91-3\"  class=\"panel-grid panel-has-style\" ><div class=\"panel-row-style panel-row-style-for-gb19649-69d4c1de9de91-3\" ><div id=\"pgc-gb19649-69d4c1de9de91-3-0\"  class=\"panel-grid-cell\" ><div id=\"panel-gb19649-69d4c1de9de91-3-0-0\" class=\"so-panel widget_sow-editor panel-first-child panel-last-child\" data-index=\"3\" ><div class=\"panel-widget-style panel-widget-style-for-gb19649-69d4c1de9de91-3-0-0\" ><div\n\t\t\t\n\t\t\tclass=\"so-widget-sow-editor so-widget-sow-editor-base\"\n\t\t\t\n\t\t>\n<div class=\"siteorigin-widget-tinymce textwidget\">\n\t<p>The opening speech by Eberhardt Vogler (TK Elevator) provided an exciting overview of the dynamic development of the German and European standardisation landscape. This was then explained by industry experts such as the Chairman of CEN TC10 WG1 &#8211; Lifts, Ren\u00e9 Hermann (Schindler), and Stephan St\u00f6rmer (T\u00dcV Austria), but also critically analysed, particularly with regard to the new EN ISO 8100-1\/2.<\/p>\n<p>Axel Stohlmann from T\u00dcV Nord gave a clear presentation on the transition from the current German Ordinance on Industrial Safety and Health (BetrSichV) to the new German Ordinance on the Use of Work Equipment (AmBV) and the German Act on Installations Requiring Inspection (\u00dcAnlG), which also includes lifts. On the second day, Udo Niggemeier (ASIB Niggemeier) expanded the range of standards to include important aspects of occupational safety.<\/p>\n<p>On the second day, the focus was on pioneering presentations on artificial intelligence and cyber security in lifts, given by leading experts such as Prof. Alexander Jesser (Heilbronn University), Georg Schwab (AVL Software and Functions) and Katrin Schwickal (T\u00dcV S\u00fcd Industrie Service). Klaus Dietel (T\u00dcV Nord) moderated both days in his usual professional manner.<\/p>\n<p>Sautter Lift Components was represented by Managing Directors Klaus Sautter, Christian Lauer and Joachim Schuster at the accompanying trade exhibition in the foyer of the Harmonie in Heilbronn. Together with well-known exhibitors such as K\u00fcbler, ELGO, Ziehl-Abegg, Meiller, Safeline, Riedl, Vertima, Hissmekano, Stingl, Cobianchi, RST Elektronik, Teleg\u00e4rtner and ALGI, we were available for stimulating talks and in-depth discussions with the conference participants.<\/p>\n<p>Our focus was on the new cooperation with <strong>Siepe GmbH &amp; Co. KG<\/strong> in the area of doors. Siepe ideally complements our extensive portfolio of vertical shaft sliding doors from our long-standing partner <strong>The Peelle Company<\/strong> from Canada with its lightweight vertical sliding doors as cabin end doors. Of course, we also presented our latest safety components, safety gear and the electronic UCM solution as well as our extensive spare parts portfolio from Haushahn.<\/p>\n<p>Heilbronn once again proved to be the perfect starting point for an inspiring year of lifts, allowing us to meet many of our valued customers and partners in person and share our passion for first-class lift components.<\/p>\n<\/div>\n<\/div><\/div><\/div><\/div><div id=\"pgc-gb19649-69d4c1de9de91-3-1\"  class=\"panel-grid-cell\" ><div id=\"panel-gb19649-69d4c1de9de91-3-1-0\" class=\"so-panel widget_sow-image panel-first-child panel-last-child\" data-index=\"4\" ><div\n\t\t\t\n\t\t\tclass=\"so-widget-sow-image so-widget-sow-image-default-e4c2d9f6c920-19649\"\n\t\t\t\n\t\t>\n<div class=\"sow-image-container\">\n\t\t\t<a href=\"https:\/\/slc-liftco.com\/wp-content\/uploads\/2024\/03\/Heibronn24_13-scaled.webp\" data-src=\"https:\/\/slc-liftco.com\/wp-content\/uploads\/2024\/03\/Heibronn24_13-scaled.webp\" data-thumb=\"https:\/\/slc-liftco.com\/wp-content\/uploads\/2024\/03\/Heibronn24_13-scaled.webp\" class=\"ml-lightbox-enabled\">\n\t\t\t<img \n\tsrc=\"https:\/\/slc-liftco.com\/wp-content\/uploads\/2024\/03\/Heibronn24_13-scaled.webp\" width=\"1711\" height=\"2560\" srcset=\"https:\/\/slc-liftco.com\/wp-content\/uploads\/2024\/03\/Heibronn24_13-scaled.webp 1711w, https:\/\/slc-liftco.com\/wp-content\/uploads\/2024\/03\/Heibronn24_13-201x300.webp 201w, https:\/\/slc-liftco.com\/wp-content\/uploads\/2024\/03\/Heibronn24_13-685x1024.webp 685w, https:\/\/slc-liftco.com\/wp-content\/uploads\/2024\/03\/Heibronn24_13-768x1149.webp 768w, https:\/\/slc-liftco.com\/wp-content\/uploads\/2024\/03\/Heibronn24_13-1027x1536.webp 1027w, https:\/\/slc-liftco.com\/wp-content\/uploads\/2024\/03\/Heibronn24_13-1369x2048.webp 1369w, https:\/\/slc-liftco.com\/wp-content\/uploads\/2024\/03\/Heibronn24_13-1200x1795.webp 1200w\" sizes=\"(max-width: 709px) 85vw, (max-width: 909px) 67vw, (max-width: 1362px) 62vw, 840px\" title=\"Heibronn24_13\" alt=\"\" \t\tclass=\"so-widget-image\"\/>\n\t\t\t<\/a><\/div>\n\n<\/div><\/div><\/div><\/div><\/div><div id=\"pg-gb19649-69d4c1de9de91-4\"  class=\"panel-grid panel-no-style\" ><div id=\"pgc-gb19649-69d4c1de9de91-4-0\"  class=\"panel-grid-cell\" ><div id=\"panel-gb19649-69d4c1de9de91-4-0-0\" class=\"so-panel widget_sow-image panel-first-child panel-last-child\" data-index=\"5\" ><div\n\t\t\t\n\t\t\tclass=\"so-widget-sow-image so-widget-sow-image-default-8b5b6f678277-19649\"\n\t\t\t\n\t\t>\n<div class=\"sow-image-container\">\n\t\t\t<a href=\"https:\/\/slc-liftco.com\/wp-content\/uploads\/2024\/03\/Heibronn24_12-scaled.webp\" data-src=\"https:\/\/slc-liftco.com\/wp-content\/uploads\/2024\/03\/Heibronn24_12-scaled.webp\" data-thumb=\"https:\/\/slc-liftco.com\/wp-content\/uploads\/2024\/03\/Heibronn24_12-scaled.webp\" class=\"ml-lightbox-enabled\">\n\t\t\t<img \n\tsrc=\"https:\/\/slc-liftco.com\/wp-content\/uploads\/2024\/03\/Heibronn24_12-scaled.webp\" width=\"2560\" height=\"1707\" srcset=\"https:\/\/slc-liftco.com\/wp-content\/uploads\/2024\/03\/Heibronn24_12-scaled.webp 2560w, https:\/\/slc-liftco.com\/wp-content\/uploads\/2024\/03\/Heibronn24_12-300x200.webp 300w, https:\/\/slc-liftco.com\/wp-content\/uploads\/2024\/03\/Heibronn24_12-1024x683.webp 1024w, https:\/\/slc-liftco.com\/wp-content\/uploads\/2024\/03\/Heibronn24_12-768x512.webp 768w, https:\/\/slc-liftco.com\/wp-content\/uploads\/2024\/03\/Heibronn24_12-1536x1024.webp 1536w, https:\/\/slc-liftco.com\/wp-content\/uploads\/2024\/03\/Heibronn24_12-2048x1365.webp 2048w, https:\/\/slc-liftco.com\/wp-content\/uploads\/2024\/03\/Heibronn24_12-1200x800.webp 1200w, https:\/\/slc-liftco.com\/wp-content\/uploads\/2024\/03\/Heibronn24_12-272x182.webp 272w\" sizes=\"(max-width: 709px) 85vw, (max-width: 909px) 67vw, (max-width: 1362px) 62vw, 840px\" title=\"Heibronn24_12\" alt=\"\" \t\tclass=\"so-widget-image\"\/>\n\t\t\t<\/a><\/div>\n\n<\/div><\/div><\/div><div id=\"pgc-gb19649-69d4c1de9de91-4-1\"  class=\"panel-grid-cell\" ><div id=\"panel-gb19649-69d4c1de9de91-4-1-0\" class=\"so-panel widget_sow-image panel-first-child panel-last-child\" data-index=\"6\" ><div\n\t\t\t\n\t\t\tclass=\"so-widget-sow-image so-widget-sow-image-default-8b5b6f678277-19649\"\n\t\t\t\n\t\t>\n<div class=\"sow-image-container\">\n\t\t\t<a href=\"https:\/\/slc-liftco.com\/wp-content\/uploads\/2024\/03\/Heibronn24_14-scaled.webp\" data-src=\"https:\/\/slc-liftco.com\/wp-content\/uploads\/2024\/03\/Heibronn24_14-scaled.webp\" data-thumb=\"https:\/\/slc-liftco.com\/wp-content\/uploads\/2024\/03\/Heibronn24_14-scaled.webp\" class=\"ml-lightbox-enabled\">\n\t\t\t<img \n\tsrc=\"https:\/\/slc-liftco.com\/wp-content\/uploads\/2024\/03\/Heibronn24_14-scaled.webp\" width=\"2560\" height=\"1707\" srcset=\"https:\/\/slc-liftco.com\/wp-content\/uploads\/2024\/03\/Heibronn24_14-scaled.webp 2560w, https:\/\/slc-liftco.com\/wp-content\/uploads\/2024\/03\/Heibronn24_14-300x200.webp 300w, https:\/\/slc-liftco.com\/wp-content\/uploads\/2024\/03\/Heibronn24_14-1024x683.webp 1024w, https:\/\/slc-liftco.com\/wp-content\/uploads\/2024\/03\/Heibronn24_14-768x512.webp 768w, https:\/\/slc-liftco.com\/wp-content\/uploads\/2024\/03\/Heibronn24_14-1536x1024.webp 1536w, https:\/\/slc-liftco.com\/wp-content\/uploads\/2024\/03\/Heibronn24_14-2048x1365.webp 2048w, https:\/\/slc-liftco.com\/wp-content\/uploads\/2024\/03\/Heibronn24_14-1200x800.webp 1200w, https:\/\/slc-liftco.com\/wp-content\/uploads\/2024\/03\/Heibronn24_14-272x182.webp 272w\" sizes=\"(max-width: 709px) 85vw, (max-width: 909px) 67vw, (max-width: 1362px) 62vw, 840px\" title=\"Heibronn24_14\" alt=\"\" \t\tclass=\"so-widget-image\"\/>\n\t\t\t<\/a><\/div>\n\n<\/div><\/div><\/div><div id=\"pgc-gb19649-69d4c1de9de91-4-2\"  class=\"panel-grid-cell\" ><div id=\"panel-gb19649-69d4c1de9de91-4-2-0\" class=\"so-panel widget_sow-image panel-first-child panel-last-child\" data-index=\"7\" ><div\n\t\t\t\n\t\t\tclass=\"so-widget-sow-image so-widget-sow-image-default-8b5b6f678277-19649\"\n\t\t\t\n\t\t>\n<div class=\"sow-image-container\">\n\t\t\t<a href=\"https:\/\/slc-liftco.com\/wp-content\/uploads\/2024\/03\/Heibronn24_11-scaled.webp\" data-src=\"https:\/\/slc-liftco.com\/wp-content\/uploads\/2024\/03\/Heibronn24_11-scaled.webp\" data-thumb=\"https:\/\/slc-liftco.com\/wp-content\/uploads\/2024\/03\/Heibronn24_11-scaled.webp\" class=\"ml-lightbox-enabled\">\n\t\t\t<img \n\tsrc=\"https:\/\/slc-liftco.com\/wp-content\/uploads\/2024\/03\/Heibronn24_11-scaled.webp\" width=\"2560\" height=\"1707\" srcset=\"https:\/\/slc-liftco.com\/wp-content\/uploads\/2024\/03\/Heibronn24_11-scaled.webp 2560w, https:\/\/slc-liftco.com\/wp-content\/uploads\/2024\/03\/Heibronn24_11-300x200.webp 300w, https:\/\/slc-liftco.com\/wp-content\/uploads\/2024\/03\/Heibronn24_11-1024x683.webp 1024w, https:\/\/slc-liftco.com\/wp-content\/uploads\/2024\/03\/Heibronn24_11-768x512.webp 768w, https:\/\/slc-liftco.com\/wp-content\/uploads\/2024\/03\/Heibronn24_11-1536x1024.webp 1536w, https:\/\/slc-liftco.com\/wp-content\/uploads\/2024\/03\/Heibronn24_11-2048x1365.webp 2048w, https:\/\/slc-liftco.com\/wp-content\/uploads\/2024\/03\/Heibronn24_11-1200x800.webp 1200w, https:\/\/slc-liftco.com\/wp-content\/uploads\/2024\/03\/Heibronn24_11-272x182.webp 272w\" sizes=\"(max-width: 709px) 85vw, (max-width: 909px) 67vw, (max-width: 1362px) 62vw, 840px\" title=\"Heibronn24_11\" alt=\"\" \t\tclass=\"so-widget-image\"\/>\n\t\t\t<\/a><\/div>\n\n<\/div><\/div><\/div><\/div><\/div>","protected":false},"excerpt":{"rendered":"","protected":false},"author":6,"featured_media":0,"parent":18353,"menu_order":0,"comment_status":"closed","ping_status":"closed","template":"","meta":{"footnotes":""},"class_list":["post-19649","page","type-page","status-publish","hentry"],"yoast_head":"<!-- This site is optimized with the Yoast SEO plugin v27.3 - https:\/\/yoast.com\/product\/yoast-seo-wordpress\/ -->\n<title>Heilbronner Aufzugstage 2024 - Sautter Lift Components GmbH<\/title>\n<meta name=\"robots\" content=\"index, follow, max-snippet:-1, max-image-preview:large, max-video-preview:-1\" \/>\n<link rel=\"canonical\" href=\"https:\/\/slc-liftco.com\/en\/newsblog\/exhibitions\/heilbronner-aufzugstage-2024\/\" \/>\n<meta property=\"og:locale\" content=\"en_GB\" \/>\n<meta property=\"og:type\" content=\"article\" \/>\n<meta property=\"og:title\" content=\"Heilbronner Aufzugstage 2024 - Sautter Lift Components GmbH\" \/>\n<meta property=\"og:url\" content=\"https:\/\/slc-liftco.com\/en\/newsblog\/exhibitions\/heilbronner-aufzugstage-2024\/\" \/>\n<meta property=\"og:site_name\" content=\"Sautter Lift Components GmbH\" \/>\n<meta property=\"article:modified_time\" content=\"2024-10-09T13:25:22+00:00\" \/>\n<meta name=\"twitter:card\" content=\"summary_large_image\" \/>\n<meta name=\"twitter:label1\" content=\"Estimated reading time\" \/>\n\t<meta name=\"twitter:data1\" content=\"4 minutes\" \/>\n<script type=\"application\/ld+json\" class=\"yoast-schema-graph\">{\"@context\":\"https:\\\/\\\/schema.org\",\"@graph\":[{\"@type\":\"Article\",\"@id\":\"https:\\\/\\\/slc-liftco.com\\\/en\\\/newsblog\\\/exhibitions\\\/heilbronner-aufzugstage-2024\\\/#article\",\"isPartOf\":{\"@id\":\"https:\\\/\\\/slc-liftco.com\\\/en\\\/newsblog\\\/exhibitions\\\/heilbronner-aufzugstage-2024\\\/\"},\"author\":{\"name\":\"Rebecca Sautter\",\"@id\":\"https:\\\/\\\/slc-liftco.com\\\/en\\\/#\\\/schema\\\/person\\\/1ae69d7788bf0d63c324c1cad5742ab6\"},\"headline\":\"Heilbronner Aufzugstage 2024\",\"datePublished\":\"2024-02-27T16:01:14+00:00\",\"dateModified\":\"2024-10-09T13:25:22+00:00\",\"mainEntityOfPage\":{\"@id\":\"https:\\\/\\\/slc-liftco.com\\\/en\\\/newsblog\\\/exhibitions\\\/heilbronner-aufzugstage-2024\\\/\"},\"wordCount\":2,\"publisher\":{\"@id\":\"https:\\\/\\\/slc-liftco.com\\\/en\\\/#organization\"},\"inLanguage\":\"en-GB\"},{\"@type\":\"WebPage\",\"@id\":\"https:\\\/\\\/slc-liftco.com\\\/en\\\/newsblog\\\/exhibitions\\\/heilbronner-aufzugstage-2024\\\/\",\"url\":\"https:\\\/\\\/slc-liftco.com\\\/en\\\/newsblog\\\/exhibitions\\\/heilbronner-aufzugstage-2024\\\/\",\"name\":\"Heilbronner Aufzugstage 2024 - Sautter Lift Components GmbH\",\"isPartOf\":{\"@id\":\"https:\\\/\\\/slc-liftco.com\\\/en\\\/#website\"},\"datePublished\":\"2024-02-27T16:01:14+00:00\",\"dateModified\":\"2024-10-09T13:25:22+00:00\",\"breadcrumb\":{\"@id\":\"https:\\\/\\\/slc-liftco.com\\\/en\\\/newsblog\\\/exhibitions\\\/heilbronner-aufzugstage-2024\\\/#breadcrumb\"},\"inLanguage\":\"en-GB\",\"potentialAction\":[{\"@type\":\"ReadAction\",\"target\":[\"https:\\\/\\\/slc-liftco.com\\\/en\\\/newsblog\\\/exhibitions\\\/heilbronner-aufzugstage-2024\\\/\"]}]},{\"@type\":\"BreadcrumbList\",\"@id\":\"https:\\\/\\\/slc-liftco.com\\\/en\\\/newsblog\\\/exhibitions\\\/heilbronner-aufzugstage-2024\\\/#breadcrumb\",\"itemListElement\":[{\"@type\":\"ListItem\",\"position\":1,\"name\":\"Homepage\",\"item\":\"https:\\\/\\\/slc-liftco.com\\\/en\\\/\"},{\"@type\":\"ListItem\",\"position\":2,\"name\":\"Newsblog\",\"item\":\"https:\\\/\\\/slc-liftco.com\\\/en\\\/newsblog\\\/\"},{\"@type\":\"ListItem\",\"position\":3,\"name\":\"Exhibitions\",\"item\":\"https:\\\/\\\/slc-liftco.com\\\/en\\\/newsblog\\\/exhibitions\\\/\"},{\"@type\":\"ListItem\",\"position\":4,\"name\":\"Heilbronner Aufzugstage 2024\"}]},{\"@type\":\"WebSite\",\"@id\":\"https:\\\/\\\/slc-liftco.com\\\/en\\\/#website\",\"url\":\"https:\\\/\\\/slc-liftco.com\\\/en\\\/\",\"name\":\"Sautter Lift Components GmbH\",\"description\":\"Sautter Lift Components GmbH\",\"publisher\":{\"@id\":\"https:\\\/\\\/slc-liftco.com\\\/en\\\/#organization\"},\"potentialAction\":[{\"@type\":\"SearchAction\",\"target\":{\"@type\":\"EntryPoint\",\"urlTemplate\":\"https:\\\/\\\/slc-liftco.com\\\/en\\\/?s={search_term_string}\"},\"query-input\":{\"@type\":\"PropertyValueSpecification\",\"valueRequired\":true,\"valueName\":\"search_term_string\"}}],\"inLanguage\":\"en-GB\"},{\"@type\":\"Organization\",\"@id\":\"https:\\\/\\\/slc-liftco.com\\\/en\\\/#organization\",\"name\":\"Sautter Lift Components GmbH\",\"alternateName\":\"SLC\",\"url\":\"https:\\\/\\\/slc-liftco.com\\\/en\\\/\",\"logo\":{\"@type\":\"ImageObject\",\"inLanguage\":\"en-GB\",\"@id\":\"https:\\\/\\\/slc-liftco.com\\\/en\\\/#\\\/schema\\\/logo\\\/image\\\/\",\"url\":\"https:\\\/\\\/slc-liftco.com\\\/wp-content\\\/uploads\\\/2019\\\/01\\\/slc-logo.jpg\",\"contentUrl\":\"https:\\\/\\\/slc-liftco.com\\\/wp-content\\\/uploads\\\/2019\\\/01\\\/slc-logo.jpg\",\"width\":295,\"height\":202,\"caption\":\"Sautter Lift Components GmbH\"},\"image\":{\"@id\":\"https:\\\/\\\/slc-liftco.com\\\/en\\\/#\\\/schema\\\/logo\\\/image\\\/\"},\"sameAs\":[\"https:\\\/\\\/www.linkedin.com\\\/company\\\/slc-liftco\\\/posts\\\/?feedView=all&amp;amp;amp;amp;amp;amp;amp;viewAsMember=true\",\"https:\\\/\\\/www.youtube.com\\\/channel\\\/UCVv9i9DNosHTE6sOGg1J8lA\"]},{\"@type\":\"Person\",\"@id\":\"https:\\\/\\\/slc-liftco.com\\\/en\\\/#\\\/schema\\\/person\\\/1ae69d7788bf0d63c324c1cad5742ab6\",\"name\":\"Rebecca Sautter\",\"image\":{\"@type\":\"ImageObject\",\"inLanguage\":\"en-GB\",\"@id\":\"https:\\\/\\\/secure.gravatar.com\\\/avatar\\\/f52d280086610850b37bbf51af4993ba45dbafb390ab366f002ef696593f5f83?s=96&d=mm&r=g\",\"url\":\"https:\\\/\\\/secure.gravatar.com\\\/avatar\\\/f52d280086610850b37bbf51af4993ba45dbafb390ab366f002ef696593f5f83?s=96&d=mm&r=g\",\"contentUrl\":\"https:\\\/\\\/secure.gravatar.com\\\/avatar\\\/f52d280086610850b37bbf51af4993ba45dbafb390ab366f002ef696593f5f83?s=96&d=mm&r=g\",\"caption\":\"Rebecca Sautter\"},\"url\":\"https:\\\/\\\/slc-liftco.com\\\/en\\\/author\\\/r-sautter\\\/\"}]}<\/script>\n<!-- \/ Yoast SEO plugin. -->","yoast_head_json":{"title":"Heilbronner Aufzugstage 2024 - Sautter Lift Components GmbH","robots":{"index":"index","follow":"follow","max-snippet":"max-snippet:-1","max-image-preview":"max-image-preview:large","max-video-preview":"max-video-preview:-1"},"canonical":"https:\/\/slc-liftco.com\/en\/newsblog\/exhibitions\/heilbronner-aufzugstage-2024\/","og_locale":"en_GB","og_type":"article","og_title":"Heilbronner Aufzugstage 2024 - Sautter Lift Components GmbH","og_url":"https:\/\/slc-liftco.com\/en\/newsblog\/exhibitions\/heilbronner-aufzugstage-2024\/","og_site_name":"Sautter Lift Components GmbH","article_modified_time":"2024-10-09T13:25:22+00:00","twitter_card":"summary_large_image","twitter_misc":{"Estimated reading time":"4 minutes"},"schema":{"@context":"https:\/\/schema.org","@graph":[{"@type":"Article","@id":"https:\/\/slc-liftco.com\/en\/newsblog\/exhibitions\/heilbronner-aufzugstage-2024\/#article","isPartOf":{"@id":"https:\/\/slc-liftco.com\/en\/newsblog\/exhibitions\/heilbronner-aufzugstage-2024\/"},"author":{"name":"Rebecca Sautter","@id":"https:\/\/slc-liftco.com\/en\/#\/schema\/person\/1ae69d7788bf0d63c324c1cad5742ab6"},"headline":"Heilbronner Aufzugstage 2024","datePublished":"2024-02-27T16:01:14+00:00","dateModified":"2024-10-09T13:25:22+00:00","mainEntityOfPage":{"@id":"https:\/\/slc-liftco.com\/en\/newsblog\/exhibitions\/heilbronner-aufzugstage-2024\/"},"wordCount":2,"publisher":{"@id":"https:\/\/slc-liftco.com\/en\/#organization"},"inLanguage":"en-GB"},{"@type":"WebPage","@id":"https:\/\/slc-liftco.com\/en\/newsblog\/exhibitions\/heilbronner-aufzugstage-2024\/","url":"https:\/\/slc-liftco.com\/en\/newsblog\/exhibitions\/heilbronner-aufzugstage-2024\/","name":"Heilbronner Aufzugstage 2024 - Sautter Lift Components GmbH","isPartOf":{"@id":"https:\/\/slc-liftco.com\/en\/#website"},"datePublished":"2024-02-27T16:01:14+00:00","dateModified":"2024-10-09T13:25:22+00:00","breadcrumb":{"@id":"https:\/\/slc-liftco.com\/en\/newsblog\/exhibitions\/heilbronner-aufzugstage-2024\/#breadcrumb"},"inLanguage":"en-GB","potentialAction":[{"@type":"ReadAction","target":["https:\/\/slc-liftco.com\/en\/newsblog\/exhibitions\/heilbronner-aufzugstage-2024\/"]}]},{"@type":"BreadcrumbList","@id":"https:\/\/slc-liftco.com\/en\/newsblog\/exhibitions\/heilbronner-aufzugstage-2024\/#breadcrumb","itemListElement":[{"@type":"ListItem","position":1,"name":"Homepage","item":"https:\/\/slc-liftco.com\/en\/"},{"@type":"ListItem","position":2,"name":"Newsblog","item":"https:\/\/slc-liftco.com\/en\/newsblog\/"},{"@type":"ListItem","position":3,"name":"Exhibitions","item":"https:\/\/slc-liftco.com\/en\/newsblog\/exhibitions\/"},{"@type":"ListItem","position":4,"name":"Heilbronner Aufzugstage 2024"}]},{"@type":"WebSite","@id":"https:\/\/slc-liftco.com\/en\/#website","url":"https:\/\/slc-liftco.com\/en\/","name":"Sautter Lift Components GmbH","description":"Sautter Lift Components GmbH","publisher":{"@id":"https:\/\/slc-liftco.com\/en\/#organization"},"potentialAction":[{"@type":"SearchAction","target":{"@type":"EntryPoint","urlTemplate":"https:\/\/slc-liftco.com\/en\/?s={search_term_string}"},"query-input":{"@type":"PropertyValueSpecification","valueRequired":true,"valueName":"search_term_string"}}],"inLanguage":"en-GB"},{"@type":"Organization","@id":"https:\/\/slc-liftco.com\/en\/#organization","name":"Sautter Lift Components GmbH","alternateName":"SLC","url":"https:\/\/slc-liftco.com\/en\/","logo":{"@type":"ImageObject","inLanguage":"en-GB","@id":"https:\/\/slc-liftco.com\/en\/#\/schema\/logo\/image\/","url":"https:\/\/slc-liftco.com\/wp-content\/uploads\/2019\/01\/slc-logo.jpg","contentUrl":"https:\/\/slc-liftco.com\/wp-content\/uploads\/2019\/01\/slc-logo.jpg","width":295,"height":202,"caption":"Sautter Lift Components GmbH"},"image":{"@id":"https:\/\/slc-liftco.com\/en\/#\/schema\/logo\/image\/"},"sameAs":["https:\/\/www.linkedin.com\/company\/slc-liftco\/posts\/?feedView=all&amp;amp;amp;amp;amp;amp;amp;viewAsMember=true","https:\/\/www.youtube.com\/channel\/UCVv9i9DNosHTE6sOGg1J8lA"]},{"@type":"Person","@id":"https:\/\/slc-liftco.com\/en\/#\/schema\/person\/1ae69d7788bf0d63c324c1cad5742ab6","name":"Rebecca Sautter","image":{"@type":"ImageObject","inLanguage":"en-GB","@id":"https:\/\/secure.gravatar.com\/avatar\/f52d280086610850b37bbf51af4993ba45dbafb390ab366f002ef696593f5f83?s=96&d=mm&r=g","url":"https:\/\/secure.gravatar.com\/avatar\/f52d280086610850b37bbf51af4993ba45dbafb390ab366f002ef696593f5f83?s=96&d=mm&r=g","contentUrl":"https:\/\/secure.gravatar.com\/avatar\/f52d280086610850b37bbf51af4993ba45dbafb390ab366f002ef696593f5f83?s=96&d=mm&r=g","caption":"Rebecca Sautter"},"url":"https:\/\/slc-liftco.com\/en\/author\/r-sautter\/"}]}},"_links":{"self":[{"href":"https:\/\/slc-liftco.com\/en\/wp-json\/wp\/v2\/pages\/19649","targetHints":{"allow":["GET"]}}],"collection":[{"href":"https:\/\/slc-liftco.com\/en\/wp-json\/wp\/v2\/pages"}],"about":[{"href":"https:\/\/slc-liftco.com\/en\/wp-json\/wp\/v2\/types\/page"}],"author":[{"embeddable":true,"href":"https:\/\/slc-liftco.com\/en\/wp-json\/wp\/v2\/users\/6"}],"replies":[{"embeddable":true,"href":"https:\/\/slc-liftco.com\/en\/wp-json\/wp\/v2\/comments?post=19649"}],"version-history":[{"count":0,"href":"https:\/\/slc-liftco.com\/en\/wp-json\/wp\/v2\/pages\/19649\/revisions"}],"up":[{"embeddable":true,"href":"https:\/\/slc-liftco.com\/en\/wp-json\/wp\/v2\/pages\/18353"}],"wp:attachment":[{"href":"https:\/\/slc-liftco.com\/en\/wp-json\/wp\/v2\/media?parent=19649"}],"curies":[{"name":"wp","href":"https:\/\/api.w.org\/{rel}","templated":true}]}}